{"id":318,"date":"2009-12-09T11:20:04","date_gmt":"2009-12-09T10:20:04","guid":{"rendered":"http:\/\/www.maisons-franco-allemandes.fr\/?page_id=318"},"modified":"2023-10-04T11:19:23","modified_gmt":"2023-10-04T10:19:23","slug":"guides-interculturels","status":"publish","type":"page","link":"https:\/\/www.maisons-franco-allemandes.fr\/fr_FR\/savoir-faire-2\/guides-interculturels\/","title":{"rendered":"Conseils interculturels"},"content":{"rendered":"<p><strong>Les Maisons franco-allemandes travaillent depuis de nombreuses ann\u00e9es en France et dans leurs r\u00e9gions. Les institutions, les associations, les journalistes et toute personne peuvent faire appel \u00e0 leurs exp\u00e9riences et leurs connaissances sp\u00e9cifiques.<\/strong><\/p>\n<p><strong>Orientation dans le domaine franco-allemand :<\/strong> Une profusion d&#8217;institutions et d&#8217;acteurs font la vivacit\u00e9 des relations franco-allemandes. Pour trouver un interlocuteur appropri\u00e9, il suffit de s&#8217;adresser aux membres de la F\u00e9d\u00e9ration des Maisons Franco-Allemandes qui pourront \u00eatre des conseillers comp\u00e9tents.<\/p>\n<p><strong>Les bons plans <\/strong><strong>des Maisons franco-allemandes dans leurs villes et r\u00e9gions<\/strong> <strong>:<\/strong> Chaque r\u00e9gion fran\u00e7aise a sa particularit\u00e9 au niveau touristique, politique, \u00e9conomique et culturel. Et chaque \u00ab Land \u00bb allemand a ses propres traits de caract\u00e8re. Pour en savoir plus, vous pourrez profiter des comp\u00e9tences des Maisons franco-allemandes par rapport \u00e0 leurs r\u00e9gions, leurs villes et leurs &#8220;L\u00e4nder&#8221; :<\/p>\n<ul>\n<li><a title=\"Centre franco-allemand de Provence\" href=\"http:\/\/cfaprovence.com\/fr\/page-daccueil\/\" target=\"_blank\" rel=\"noopener\">Aix-en-Provence (Provence-Alpes C\u00f4te d&#8217;Azur) &#8211; T\u00fcbingen (Baden-W\u00fcrttemberg)<br \/>\n<\/a>Contact: Centre franco-allemand de Provence<\/li>\n<li><a title=\"Maison d'Allemagne\" href=\"http:\/\/www.mda.infini.fr\/\" target=\"_blank\" rel=\"noopener\">Brest (Bretagne) &#8211; Kiel (Schleswig-Holstein)<br \/>\n<\/a>Contact: Maison d&#8217;Allemagne<\/li>\n<li><a title=\"Maison de Rh\u00e9nanie-Palatinat\" href=\"http:\/\/www.maison-rhenanie-palatinat.org\/\" target=\"_blank\" rel=\"noopener\">Burgund Franche-Comt\u00e9 (Dijon) &#8211; Rheinland-Pfalz (Mainz)<br \/>\n<\/a>Contact: Maison de Rh\u00e9nanie-Palatinat<\/li>\n<li><a href=\"http:\/\/www.ccfa-nice.fr\/\">Provence-Alpes C\u00f4te d&#8217;Azur <\/a><br \/>\nContact: Centre Culturel Franco-Allemand<\/li>\n<li><a title=\"Centre Culturel Franco-Allemand \u00e0 Nantes\" href=\"http:\/\/www.ccfa-nantes.org\/\" target=\"_blank\" rel=\"noopener\">Nantes (Pays de Loire) &#8211; Saarbr\u00fccken (Saarland)<br \/>\n<\/a>Contact: Centre Culturel Franco-Allemand \u00e0 Nantes<\/li>\n<li><a href=\"http:\/\/ihm64.hautetfort.com\/\">Pau (Nouvelles Aquitaine) &#8211; G\u00f6ttingen<\/a><br \/>\nContact: Institut Heinrich Mann<\/li>\n<li><a href=\"http:\/\/www.franco-allemand-touraine.eu\/\">Tours ( Centre -Val de Loire) &#8211; M\u00fchlheim (Nordrhein-Westfalen)<\/a><br \/>\nContact: Centre Franco-Allemand de Touraine<\/li>\n<\/ul>\n<p><strong>Conseils pour la gestion et le financement de projets interculturels <\/strong>avec des partenaires municipaux et r\u00e9gionaux en France et en Allemagne<\/p>\n<p>Les Maisons Franco-Allemandes mettent en \u0153uvre dans leurs villes et leurs r\u00e9gions des projets europ\u00e9ens, \u00e9conomiques, culturels et \u00e9ducatifs en coop\u00e9ration \u00e9troite avec des partenaires fran\u00e7ais et allemands.<\/p>\n","protected":false},"excerpt":{"rendered":"<p><strong>Les Maisons franco-allemandes travaillent depuis de nombreuses ann\u00e9es en France et dans leurs r\u00e9gions. Les institutions, les associations, les journalistes et toute personne peuvent faire appel \u00e0 leurs exp\u00e9riences et leurs connaissances sp\u00e9ci&#8230;<\/p>\n","protected":false},"author":1,"featured_media":0,"parent":289,"menu_order":2,"comment_status":"closed","ping_status":"open","template":"","meta":{"_kad_post_transparent":"","_kad_post_title":"","_kad_post_layout":"","_kad_post_sidebar_id":"","_kad_post_content_style":"","_kad_post_vertical_padding":"","_kad_post_feature":"","_kad_post_feature_position":"","_kad_post_header":false,"_kad_post_footer":false,"footnotes":""},"class_list":["post-318","page","type-page","status-publish","hentry"],"_links":{"self":[{"href":"https:\/\/www.maisons-franco-allemandes.fr\/fr_FR\/wp-json\/wp\/v2\/pages\/318"}],"collection":[{"href":"https:\/\/www.maisons-franco-allemandes.fr\/fr_FR\/wp-json\/wp\/v2\/pages"}],"about":[{"href":"https:\/\/www.maisons-franco-allemandes.fr\/fr_FR\/wp-json\/wp\/v2\/types\/page"}],"author":[{"embeddable":true,"href":"https:\/\/www.maisons-franco-allemandes.fr\/fr_FR\/wp-json\/wp\/v2\/users\/1"}],"replies":[{"embeddable":true,"href":"https:\/\/www.maisons-franco-allemandes.fr\/fr_FR\/wp-json\/wp\/v2\/comments?post=318"}],"version-history":[{"count":28,"href":"https:\/\/www.maisons-franco-allemandes.fr\/fr_FR\/wp-json\/wp\/v2\/pages\/318\/revisions"}],"predecessor-version":[{"id":1860,"href":"https:\/\/www.maisons-franco-allemandes.fr\/fr_FR\/wp-json\/wp\/v2\/pages\/318\/revisions\/1860"}],"up":[{"embeddable":true,"href":"https:\/\/www.maisons-franco-allemandes.fr\/fr_FR\/wp-json\/wp\/v2\/pages\/289"}],"wp:attachment":[{"href":"https:\/\/www.maisons-franco-allemandes.fr\/fr_FR\/wp-json\/wp\/v2\/media?parent=318"}],"curies":[{"name":"wp","href":"https:\/\/api.w.org\/{rel}","templated":true}]}}