{"id":309,"date":"2009-12-09T10:24:49","date_gmt":"2009-12-09T09:24:49","guid":{"rendered":"http:\/\/www.maisons-franco-allemandes.fr\/?page_id=309"},"modified":"2023-10-04T11:21:22","modified_gmt":"2023-10-04T10:21:22","slug":"centres-culturels","status":"publish","type":"page","link":"https:\/\/www.maisons-franco-allemandes.fr\/fr_FR\/savoir-faire-2\/centres-culturels\/","title":{"rendered":"Centres culturels"},"content":{"rendered":"<p><strong>Cours d\u2019allemand<\/strong><\/p>\n<p>Les Maisons de la F\u00e9d\u00e9ration proposent un large \u00e9ventail de programmes linguistiques pour tous les groupes d&#8217;\u00e2ges et pour tous les niveaux. Du vrai d\u00e9butant, pour qui seront mis en \u0153uvre les moyens les plus modernes et d\u2019une grande qualit\u00e9 p\u00e9dagogique et ludique, jusqu\u2019\u00e0 l\u2019\u00e9l\u00e8ve presque bilingue, qui veut acqu\u00e9rir la pleine ma\u00eetrise des plus fines nuances, les Maisons Franco-Allemandes ont d\u00e9velopp\u00e9 des programmes exigeants qui contiennent par exemple des cours d\u2019allemand \u00e9conomique, des clubs de conversation, des cours individuels sur mesure ou des cours intensifs pour coll\u00e9giens et lyc\u00e9ens.<\/p>\n<p>Avec leurs cours de langue, les membres de la F\u00e9d\u00e9ration des Maisons Franco-Allemandes tiennent ainsi compte de tous les besoins et coordonnent leurs offres avec les demandes dans leur ville et leur r\u00e9gion.<\/p>\n<p><strong>Centre d\u2019examens<\/strong><\/p>\n<p>Des professeurs exclusivement de langue maternelle pr\u00e9parent les \u00e9l\u00e8ves aux examens et dipl\u00f4mes du Goethe-Institut, ainsi que de la Chambre Franco-Allemande de Commerce et d\u2019Industrie de Paris et de l&#8217;institut TestDaf, reconnus au niveau international. Les diff\u00e9rents examens peuvent \u00eatre pass\u00e9s dans les Maisons Franco-Allemandes.<\/p>\n<p><strong>Manifestations <\/strong><strong>culturelles allemandes<\/strong><\/p>\n<p>Les membres de la F\u00e9d\u00e9ration des Maisons Franco-Allemandes mettent l\u2019accent dans leurs programmes culturels sur les \u00e9v\u00e9nements culturels actuels en Allemagne, (par exemple en 2009 : 60 ans de la Loi fondamentale, 20 ans de la chute du mur) d\u2019une part et ils s&#8217;orientent d\u2019autre part aux centres d\u2019int\u00e9r\u00eat de leur public fran\u00e7ais.<\/p>\n<p><strong>Point Info OFAJ et DAAD<\/strong><\/p>\n<p>Les Maisons Franco-Allemandes sont \u00e9galement plateformes d&#8217;information pour toute personne int\u00e9ress\u00e9e et candidate \u00e0 divers programmes d&#8217;\u00e9change et de bourse. Par ailleurs, les Maisons informent sur les \u00e9tudes en Allemagne et les formations professionnelles envisageables, ainsi que sur toute autre possibilit\u00e9 d&#8217;\u00e9changes.<\/p>\n<p><strong>Biblioth\u00e8que et<\/strong><strong> Centre de documentation<\/strong><\/p>\n<p>Les membres de la F\u00e9d\u00e9ration des Maisons Franco-Allemandes proposent un acc\u00e8s rapide \u00e0 des informations actuelles et compl\u00e8tes sur l\u2019Allemagne, que ce soit pour des \u00e9l\u00e8ves, des professeurs ou des touristes.<\/p>\n","protected":false},"excerpt":{"rendered":"<p><strong>Cours d\u2019allemand<\/strong><\/p>\n<p>Les Maisons de la F\u00e9d\u00e9ration proposent un large \u00e9ventail de programmes linguistiques pour tous les groupes d&#8217;\u00e2ges et pour tous les niveaux. Du vrai d\u00e9butant, pour qui seront mis en \u0153uvre les moyens les plus modern&#8230;<\/p>\n","protected":false},"author":1,"featured_media":0,"parent":289,"menu_order":1,"comment_status":"closed","ping_status":"open","template":"","meta":{"_kad_post_transparent":"","_kad_post_title":"","_kad_post_layout":"","_kad_post_sidebar_id":"","_kad_post_content_style":"","_kad_post_vertical_padding":"","_kad_post_feature":"","_kad_post_feature_position":"","_kad_post_header":false,"_kad_post_footer":false,"footnotes":""},"class_list":["post-309","page","type-page","status-publish","hentry"],"_links":{"self":[{"href":"https:\/\/www.maisons-franco-allemandes.fr\/fr_FR\/wp-json\/wp\/v2\/pages\/309"}],"collection":[{"href":"https:\/\/www.maisons-franco-allemandes.fr\/fr_FR\/wp-json\/wp\/v2\/pages"}],"about":[{"href":"https:\/\/www.maisons-franco-allemandes.fr\/fr_FR\/wp-json\/wp\/v2\/types\/page"}],"author":[{"embeddable":true,"href":"https:\/\/www.maisons-franco-allemandes.fr\/fr_FR\/wp-json\/wp\/v2\/users\/1"}],"replies":[{"embeddable":true,"href":"https:\/\/www.maisons-franco-allemandes.fr\/fr_FR\/wp-json\/wp\/v2\/comments?post=309"}],"version-history":[{"count":26,"href":"https:\/\/www.maisons-franco-allemandes.fr\/fr_FR\/wp-json\/wp\/v2\/pages\/309\/revisions"}],"predecessor-version":[{"id":1868,"href":"https:\/\/www.maisons-franco-allemandes.fr\/fr_FR\/wp-json\/wp\/v2\/pages\/309\/revisions\/1868"}],"up":[{"embeddable":true,"href":"https:\/\/www.maisons-franco-allemandes.fr\/fr_FR\/wp-json\/wp\/v2\/pages\/289"}],"wp:attachment":[{"href":"https:\/\/www.maisons-franco-allemandes.fr\/fr_FR\/wp-json\/wp\/v2\/media?parent=309"}],"curies":[{"name":"wp","href":"https:\/\/api.w.org\/{rel}","templated":true}]}}