{"id":289,"date":"2009-12-08T17:06:33","date_gmt":"2009-12-08T16:06:33","guid":{"rendered":"http:\/\/www.maisons-franco-allemandes.fr\/?page_id=289"},"modified":"2023-10-04T11:12:59","modified_gmt":"2023-10-04T10:12:59","slug":"savoir-faire-2","status":"publish","type":"page","link":"https:\/\/www.maisons-franco-allemandes.fr\/fr_FR\/savoir-faire-2\/","title":{"rendered":"Savoir-faire"},"content":{"rendered":"<p><strong>Centres culturels allemands classiques<\/strong><\/p>\n<p>Les Maisons franco-allemandes r\u00e9alisent l\u00e0 o\u00f9 elles se trouvent, les t\u00e2ches traditionnelles d&#8217;un travail culturel \u00e0 l\u2019\u00e9tranger. <a href=\"http:\/\/www.maisons-franco-allemandes.fr\/?page_id=309\"><strong>Lire plus\u2026<\/strong><\/a><\/p>\n<p><strong>Conseils interculturels<\/strong><\/p>\n<p>Du fait de leur engagement ancien, les membres de la F\u00e9d\u00e9ration des Maisons Franco-Allemandes sont fortement int\u00e9gr\u00e9s dans leur paysage culturel, social, \u00e9conomique et politique et apparaissent de ce fait comme des conseillers novateurs dans la vie quotidienne franco-allemande.\u00a0 <a href=\"http:\/\/www.maisons-franco-allemandes.fr\/savoir-faire-2\/guides-interculturels\/\"><strong>Lire plus\u2026<\/strong><\/a><\/p>\n<p><strong>Actions novatrices sur mesure<br \/>\n<\/strong><\/p>\n<p>Les Membres de la F\u00e9d\u00e9ration des Maisons franco-allemandes offrent un Know-how exp\u00e9riment\u00e9 et novateur aupr\u00e8s des communes, des r\u00e9gions et des L\u00e4nder. <a href=\"http:\/\/www.maisons-franco-allemandes.fr\/actions-novatrices\/\"><strong>Lire plus\u2026<\/strong><\/a>[\/fr]<\/p>\n","protected":false},"excerpt":{"rendered":"<p><strong>Centres culturels allemands classiques<\/strong><\/p>\n<p>Les Maisons franco-allemandes r\u00e9alisent l\u00e0 o\u00f9 elles se trouvent, les t\u00e2ches traditionnelles d&#8217;un travail culturel \u00e0 l\u2019\u00e9tranger. <a href=\"http:\/\/www.maisons-franco-allemandes.fr\/?page_id=309\">&#8230;<\/p>\n","protected":false},"author":1,"featured_media":0,"parent":0,"menu_order":3,"comment_status":"closed","ping_status":"closed","template":"","meta":{"_kad_post_transparent":"","_kad_post_title":"","_kad_post_layout":"","_kad_post_sidebar_id":"","_kad_post_content_style":"","_kad_post_vertical_padding":"","_kad_post_feature":"","_kad_post_feature_position":"","_kad_post_header":false,"_kad_post_footer":false,"footnotes":""},"class_list":["post-289","page","type-page","status-publish","hentry"],"_links":{"self":[{"href":"https:\/\/www.maisons-franco-allemandes.fr\/fr_FR\/wp-json\/wp\/v2\/pages\/289"}],"collection":[{"href":"https:\/\/www.maisons-franco-allemandes.fr\/fr_FR\/wp-json\/wp\/v2\/pages"}],"about":[{"href":"https:\/\/www.maisons-franco-allemandes.fr\/fr_FR\/wp-json\/wp\/v2\/types\/page"}],"author":[{"embeddable":true,"href":"https:\/\/www.maisons-franco-allemandes.fr\/fr_FR\/wp-json\/wp\/v2\/users\/1"}],"replies":[{"embeddable":true,"href":"https:\/\/www.maisons-franco-allemandes.fr\/fr_FR\/wp-json\/wp\/v2\/comments?post=289"}],"version-history":[{"count":33,"href":"https:\/\/www.maisons-franco-allemandes.fr\/fr_FR\/wp-json\/wp\/v2\/pages\/289\/revisions"}],"predecessor-version":[{"id":2088,"href":"https:\/\/www.maisons-franco-allemandes.fr\/fr_FR\/wp-json\/wp\/v2\/pages\/289\/revisions\/2088"}],"wp:attachment":[{"href":"https:\/\/www.maisons-franco-allemandes.fr\/fr_FR\/wp-json\/wp\/v2\/media?parent=289"}],"curies":[{"name":"wp","href":"https:\/\/api.w.org\/{rel}","templated":true}]}}