{"id":285,"date":"2009-12-08T16:41:03","date_gmt":"2009-12-08T15:41:03","guid":{"rendered":"http:\/\/www.maisons-franco-allemandes.fr\/?page_id=285"},"modified":"2023-10-05T05:49:20","modified_gmt":"2023-10-05T04:49:20","slug":"profil-2","status":"publish","type":"page","link":"https:\/\/www.maisons-franco-allemandes.fr\/fr_FR\/profil-2\/","title":{"rendered":"Profil"},"content":{"rendered":"\n<h3 class=\"wp-block-heading\">Des partenaires innovants dans le quotidien franco-allemand<\/h3>\n\n\n\n<p><strong>En dialogue permanent avec leurs partenaires d&#8217;un c\u00f4t\u00e9 ou de l&#8217;autre du Rhin, les Maisons d\u00e9veloppent des projets novateurs taill\u00e9s sur mesure et des modules op\u00e9rationnels.<\/strong><\/p>\n\n\n\n<p><strong>Une initiative de la soci\u00e9t\u00e9 civile franco-allemande<\/strong><\/p>\n\n\n\n<p>Pour la plupart, les Maisons franco-allemandes se sont cr\u00e9\u00e9es l\u00e0 o\u00f9, pour des raisons de strat\u00e9gie g\u00e9n\u00e9rale ou financi\u00e8re, les institutions classiques n\u2019ont pas pu s\u2019installer. Chacune des Maisons Franco-Allemandes membres de la F\u00e9d\u00e9ration doit sa cr\u00e9ation et son d\u00e9veloppement \u00e0 l&#8217;engagement commun des soci\u00e9t\u00e9s civiles en France et en Allemagne.<\/p>\n\n\n\n<p><strong>Mod\u00e8le de co-financement franco-allemand<\/strong><\/p>\n\n\n\n<p>Les Maisons sont soutenues et financ\u00e9es par des villes, des r\u00e9gions et des L\u00e4nder ou des universit\u00e9s en France et en Allemagne. Leurs projets sont subventionn\u00e9s par le Minist\u00e8re des Affaires \u00e9trang\u00e8res, le Goethe-Institut, la Fondation Robert Bosch, ainsi que dans le cadre d&#8217;un <em>Public Private Partnerschip<\/em>.<\/p>\n\n\n\n<p><strong>Des partenaires innovants dans le quotidien franco-allemand<\/strong><\/p>\n\n\n\n<p>D\u00e8s le d\u00e9but et gr\u00e2ce \u00e0 l\u2019engagement des repr\u00e9sentants allemands et fran\u00e7ais de la soci\u00e9t\u00e9 civile, les Maisons se sont donc int\u00e9gr\u00e9es dans \u00ab&nbsp;leur&nbsp;\u00bb paysage culturel, social, universitaire, \u00e9conomique et politique. C&#8217;est pourquoi elles ont adopt\u00e9 la notion de culture au sens large.<\/p>\n\n\n\n<p>Pour la mise en \u0153uvre de ce concept, les Maisons ont une fa\u00e7on de travailler en r\u00e9action directe avec les exigences en permanente \u00e9v0lution de la vie quotidienne franco-allemande dans les communes, les r\u00e9gions et les L\u00e4nder. En dialogue permanent avec leurs partenaires d&#8217;un c\u00f4t\u00e9 ou de l&#8217;autre du Rhin, les Maisons d\u00e9veloppent des projets novateurs taill\u00e9s sur mesure et des modules op\u00e9rationnels. Cela dans le but qu&#8217;apr\u00e8s leur &#8220;test&#8221; au niveau r\u00e9gional et\/ou inter-r\u00e9gional, ils deviennent des mod\u00e8les et gagnent de l&#8217;importance au niveau national et binational.<\/p>\n","protected":false},"excerpt":{"rendered":"<p><!-- wp:heading {\"level\":3} --><\/p>\n<h3 class=\"wp-block-heading\">Des partenaires innovants dans le quotidien franco-allemand<\/h3>\n<p><!-- \/wp:heading --><\/p>\n<p><!-- wp:paragraph --><\/p>\n<p><strong>En dialogue permanent avec leurs partenaires d&#8217;un c\u00f4t\u00e9 ou de l&#8217;autre &#8230;<\/p>\n","protected":false},"author":1,"featured_media":0,"parent":0,"menu_order":2,"comment_status":"closed","ping_status":"closed","template":"","meta":{"_kad_post_transparent":"","_kad_post_title":"","_kad_post_layout":"","_kad_post_sidebar_id":"","_kad_post_content_style":"","_kad_post_vertical_padding":"","_kad_post_feature":"","_kad_post_feature_position":"","_kad_post_header":false,"_kad_post_footer":false,"footnotes":""},"class_list":["post-285","page","type-page","status-publish","hentry"],"_links":{"self":[{"href":"https:\/\/www.maisons-franco-allemandes.fr\/fr_FR\/wp-json\/wp\/v2\/pages\/285"}],"collection":[{"href":"https:\/\/www.maisons-franco-allemandes.fr\/fr_FR\/wp-json\/wp\/v2\/pages"}],"about":[{"href":"https:\/\/www.maisons-franco-allemandes.fr\/fr_FR\/wp-json\/wp\/v2\/types\/page"}],"author":[{"embeddable":true,"href":"https:\/\/www.maisons-franco-allemandes.fr\/fr_FR\/wp-json\/wp\/v2\/users\/1"}],"replies":[{"embeddable":true,"href":"https:\/\/www.maisons-franco-allemandes.fr\/fr_FR\/wp-json\/wp\/v2\/comments?post=285"}],"version-history":[{"count":35,"href":"https:\/\/www.maisons-franco-allemandes.fr\/fr_FR\/wp-json\/wp\/v2\/pages\/285\/revisions"}],"predecessor-version":[{"id":2003,"href":"https:\/\/www.maisons-franco-allemandes.fr\/fr_FR\/wp-json\/wp\/v2\/pages\/285\/revisions\/2003"}],"wp:attachment":[{"href":"https:\/\/www.maisons-franco-allemandes.fr\/fr_FR\/wp-json\/wp\/v2\/media?parent=285"}],"curies":[{"name":"wp","href":"https:\/\/api.w.org\/{rel}","templated":true}]}}