{"id":923,"date":"2018-03-13T17:45:31","date_gmt":"2018-03-13T16:45:31","guid":{"rendered":"http:\/\/www.maisons-franco-allemandes.fr\/?page_id=923"},"modified":"2023-10-04T16:30:13","modified_gmt":"2023-10-04T15:30:13","slug":"projets","status":"publish","type":"page","link":"https:\/\/www.maisons-franco-allemandes.fr\/de_DE\/projets\/","title":{"rendered":"Projekte"},"content":{"rendered":"\n<p>Die Projekte der F\u00f6deration deutsch-franz\u00f6sischer H\u00e4user sind das Programm <strong><a rel=\"noopener\" href=\"http:\/\/www.mobiklasse.de\" target=\"_blank\">mobikl<\/a><a rel=\"noopener\" href=\"http:\/\/www.mobiklasse.de\" target=\"_blank\">a<\/a><\/strong><a rel=\"noopener\" href=\"http:\/\/www.mobiklasse.de\" target=\"_blank\"><strong>sse.de<\/strong><\/a> \u2013 das unter dem Titel&nbsp; \u00ab&nbsp;DeutschMobil&nbsp;\u00bb u.a. mit dem Adenauer-de Gaulle Preis ausgezeichnet wurde &#8211; und der<a href=\"http:\/\/www.eustory.fr\/\"><strong> Deutsch-Franz\u00f6sische Geschichtswettbewerb<\/strong><\/a> f\u00fcr Sch\u00fcler<\/p>\n\n\n\n<ul class=\"wp-block-list\">\n<li><a href=\"http:\/\/mobiklasse.de\/de\">Mobiklasse.de&nbsp;<\/a>(Deutschwerbung in Schulen)<\/li>\n\n\n\n<li><a href=\"http:\/\/eustory.fr\">Deutsch-franz\u00f6sischer Geschichtswettbewerb f\u00fcr Sch\u00fcler<\/a><\/li>\n<\/ul>\n","protected":false},"excerpt":{"rendered":"<p><!-- wp:paragraph --><\/p>\n<p>Die Projekte der F\u00f6deration deutsch-franz\u00f6sischer H\u00e4user sind das Programm <strong><a rel=\"noopener\" href=\"http:\/\/www.mobiklasse.de\" target=\"_blank\">mobikl<\/a><a rel=\"noopener\" href=\"http:\/\/www.mobiklasse.de\" target=\"_blank\">&#8230;<\/p>\n","protected":false},"author":1,"featured_media":0,"parent":0,"menu_order":4,"comment_status":"closed","ping_status":"closed","template":"","meta":{"_kad_post_transparent":"","_kad_post_title":"","_kad_post_layout":"","_kad_post_sidebar_id":"","_kad_post_content_style":"","_kad_post_vertical_padding":"","_kad_post_feature":"","_kad_post_feature_position":"","_kad_post_header":false,"_kad_post_footer":false,"footnotes":""},"class_list":["post-923","page","type-page","status-publish","hentry"],"_links":{"self":[{"href":"https:\/\/www.maisons-franco-allemandes.fr\/de_DE\/wp-json\/wp\/v2\/pages\/923"}],"collection":[{"href":"https:\/\/www.maisons-franco-allemandes.fr\/de_DE\/wp-json\/wp\/v2\/pages"}],"about":[{"href":"https:\/\/www.maisons-franco-allemandes.fr\/de_DE\/wp-json\/wp\/v2\/types\/page"}],"author":[{"embeddable":true,"href":"https:\/\/www.maisons-franco-allemandes.fr\/de_DE\/wp-json\/wp\/v2\/users\/1"}],"replies":[{"embeddable":true,"href":"https:\/\/www.maisons-franco-allemandes.fr\/de_DE\/wp-json\/wp\/v2\/comments?post=923"}],"version-history":[{"count":20,"href":"https:\/\/www.maisons-franco-allemandes.fr\/de_DE\/wp-json\/wp\/v2\/pages\/923\/revisions"}],"predecessor-version":[{"id":1987,"href":"https:\/\/www.maisons-franco-allemandes.fr\/de_DE\/wp-json\/wp\/v2\/pages\/923\/revisions\/1987"}],"wp:attachment":[{"href":"https:\/\/www.maisons-franco-allemandes.fr\/de_DE\/wp-json\/wp\/v2\/media?parent=923"}],"curies":[{"name":"wp","href":"https:\/\/api.w.org\/{rel}","templated":true}]}}