{"id":318,"date":"2009-12-09T11:20:04","date_gmt":"2009-12-09T10:20:04","guid":{"rendered":"http:\/\/www.maisons-franco-allemandes.fr\/?page_id=318"},"modified":"2023-10-04T11:19:23","modified_gmt":"2023-10-04T10:19:23","slug":"guides-interculturels","status":"publish","type":"page","link":"https:\/\/www.maisons-franco-allemandes.fr\/de_DE\/savoir-faire-2\/guides-interculturels\/","title":{"rendered":"Conseils interculturels"},"content":{"rendered":"<p>Die deutsch-franz\u00f6sischen H\u00e4user arbeiten seit vielen Jahren in ihren franz\u00f6sischen Regionen. Ihre Erfahrungen und ihr spezifisches Wissen k\u00f6nnen Institutionen, Vereine, Journalisten und Privatleute abrufen.<\/p>\n<p><strong>Orientierung im Bestand deutsch-franz\u00f6sischer Institutionen :<\/strong> Eine F\u00fclle von Einrichtungen und Akteuren machen die Lebendigkeit der deutsch-franz\u00f6sischen Beziehungen aus. Wer auf der Suche nach dem richtigen Ansprechpartner ist, kann sich von den Mitgliedern der F\u00f6deration deutsch-franz\u00f6sischer H\u00e4user kompetent beraten lassen.<br \/>\n<strong><br \/>\nInsider-Informationen aus den St\u00e4dten und Regionen der Deutsch-Franz\u00f6sischen H\u00e4user: <\/strong>Jede franz\u00f6sische Region hat ihre touristische, politische, wirtschaftliche oder kulturelle Spezifit\u00e4t, so wie jedes deutsche Land seine Eigenheiten hat. Wer das bew\u00e4hrte Wissen der deutsch-franz\u00f6sischen H\u00e4user \u00fcber Regionen, L\u00e4nder und St\u00e4dte nutzen will, der findet kompetente Ansprechpartner f\u00fcr<\/p>\n<ul>\n<li style=\"text-align: left;\"><span style=\"color: #000000;\"><a title=\"Centre franco-allemand de Provence\" href=\"http:\/\/cfaprovence.com\/de\/home\/\" target=\"_blank\" rel=\"noopener\">Aix-en-Provence (Provence-Alpes C\u00f4te d&#8217;Azur) &#8211; T\u00fcbingen (Baden-W\u00fcrttemberg)<br \/>\n<\/a><\/span>Kontakt: Centre franco-allemand de Provence<\/li>\n<li style=\"text-align: left;\"><span style=\"color: #000000;\"><a title=\"Maison d'Allemagne\" href=\"http:\/\/www.mda.infini.fr\/\" target=\"_blank\" rel=\"noopener\">Brest (Bretagne) &#8211; Kiel (Schleswig-Holstein)<br \/>\n<\/a><\/span>Kontakt: Maison d&#8217;Allemagne<\/li>\n<li style=\"text-align: left;\"><span style=\"color: #000000;\"><a title=\"Maison de Rh\u00e9nanie-Palatinat\" href=\"http:\/\/www.maison-rhenanie-palatinat.org\/\" target=\"_blank\" rel=\"noopener\">Burgund Franche-Comt\u00e9 (Dijon) &#8211; Rheinland-Pfalz (Mainz)<br \/>\n<\/a><\/span>Kontakt: Maison de Rh\u00e9nanie-Palatinat<\/li>\n<li><a href=\"http:\/\/www.ccfa-nice.fr\/de\/home\/\">Provence-Alpes C\u00f4te d&#8217;Azur <\/a><br \/>\nKontakt: Centre Culturel Franco-Allemand<\/li>\n<li style=\"text-align: left;\"><span style=\"color: #000000;\"><a title=\"Centre Culturel Franco-Allemand \u00e0 Nantes\" href=\"http:\/\/www.ccfa-nantes.org\/\" target=\"_blank\" rel=\"noopener\">Nantes (Pays de Loire) &#8211; Saarbr\u00fccken (Saarland)<br \/>\n<\/a><\/span>Kontakt: Centre Culturel Franco-Allemand \u00e0 Nantes<\/li>\n<li><a href=\"http:\/\/ihm64.hautetfort.com\/\">Pau (Nouvelles Aquitaine) &#8211; G\u00f6ttingen<\/a><br \/>\nKontakt: Institut Heinrich Mann<\/li>\n<li><a href=\"http:\/\/www.franco-allemand-touraine.eu\/\">Tours ( Centre -Val de Loire) &#8211; M\u00fchlheim (Nordrhein-Westfalen)<\/a><br \/>\nKontakt: Centre Franco-Allemand de Touraine<\/li>\n<\/ul>\n<p><strong>Tipps zum interkulturellen Projektmanagement und zur Projektfinanzierung <\/strong>mit kommunalen und regionalen Partnern in Deutschland und Frankreich.<\/p>\n<p>Die deutsch-franz\u00f6sischen H\u00e4user setzen in ihren St\u00e4dten und Regionen sprach-p\u00e4dagogische, kulturelle, wirtschaftliche und europ\u00e4ische Projekte in enger Zusammenarbeit mit franz\u00f6sischen und deutschen Partnern um.<\/p>\n","protected":false},"excerpt":{"rendered":"<p>Die deutsch-franz\u00f6sischen H\u00e4user arbeiten seit vielen Jahren in ihren franz\u00f6sischen Regionen. Ihre Erfahrungen und ihr spezifisches Wissen k\u00f6nnen Institutionen, Vereine, Journalisten und Privatleute abrufen.<\/p>\n<p><strong>Orientierung im Bestand deutsch&#8230;<\/p>\n","protected":false},"author":1,"featured_media":0,"parent":289,"menu_order":2,"comment_status":"closed","ping_status":"open","template":"","meta":{"_kad_post_transparent":"","_kad_post_title":"","_kad_post_layout":"","_kad_post_sidebar_id":"","_kad_post_content_style":"","_kad_post_vertical_padding":"","_kad_post_feature":"","_kad_post_feature_position":"","_kad_post_header":false,"_kad_post_footer":false,"footnotes":""},"class_list":["post-318","page","type-page","status-publish","hentry"],"_links":{"self":[{"href":"https:\/\/www.maisons-franco-allemandes.fr\/de_DE\/wp-json\/wp\/v2\/pages\/318"}],"collection":[{"href":"https:\/\/www.maisons-franco-allemandes.fr\/de_DE\/wp-json\/wp\/v2\/pages"}],"about":[{"href":"https:\/\/www.maisons-franco-allemandes.fr\/de_DE\/wp-json\/wp\/v2\/types\/page"}],"author":[{"embeddable":true,"href":"https:\/\/www.maisons-franco-allemandes.fr\/de_DE\/wp-json\/wp\/v2\/users\/1"}],"replies":[{"embeddable":true,"href":"https:\/\/www.maisons-franco-allemandes.fr\/de_DE\/wp-json\/wp\/v2\/comments?post=318"}],"version-history":[{"count":28,"href":"https:\/\/www.maisons-franco-allemandes.fr\/de_DE\/wp-json\/wp\/v2\/pages\/318\/revisions"}],"predecessor-version":[{"id":1860,"href":"https:\/\/www.maisons-franco-allemandes.fr\/de_DE\/wp-json\/wp\/v2\/pages\/318\/revisions\/1860"}],"up":[{"embeddable":true,"href":"https:\/\/www.maisons-franco-allemandes.fr\/de_DE\/wp-json\/wp\/v2\/pages\/289"}],"wp:attachment":[{"href":"https:\/\/www.maisons-franco-allemandes.fr\/de_DE\/wp-json\/wp\/v2\/media?parent=318"}],"curies":[{"name":"wp","href":"https:\/\/api.w.org\/{rel}","templated":true}]}}