{"id":309,"date":"2009-12-09T10:24:49","date_gmt":"2009-12-09T09:24:49","guid":{"rendered":"http:\/\/www.maisons-franco-allemandes.fr\/?page_id=309"},"modified":"2023-10-04T11:21:22","modified_gmt":"2023-10-04T10:21:22","slug":"centres-culturels","status":"publish","type":"page","link":"https:\/\/www.maisons-franco-allemandes.fr\/de_DE\/savoir-faire-2\/centres-culturels\/","title":{"rendered":"Kulturzentren"},"content":{"rendered":"<p><strong>Deutschkurse<\/strong><\/p>\n<p>F\u00fcr alle Altersgruppen und f\u00fcr jedes Sprachniveau bieten die deutsch-franz\u00f6sischen H\u00e4user ein breitgef\u00e4chertes Spektrum an Sprachprogrammen an: f\u00fcr absolute Anf\u00e4nger, der mit modernsten didaktischen Methoden und Medien motiviert werden, bis hin zu weit fortgeschrittenen &#8220;Deutschprofis&#8221;, die nur noch den letzten Feinschliff suchen, haben die deutsch-franz\u00f6sischen H\u00e4user anspruchvolle Programme entwickelt, die z.B. Kurse in Wirtschaftsdeutsch, regelm\u00e4\u00dfige Konversationsklubs, individuell ma\u00dfgeschneiderten Einzelunterricht oder auch Sch\u00fcler-Intensivkurse beinhalten.<\/p>\n<p>Die Mitglieder der F\u00f6deration deutsch-franz\u00f6sischer H\u00e4user tragen so mit ihrem Sprachunterricht allen Bed\u00fcrfnissen Rechnung und stimmen dabei die Angebote auf die Nachfrage in ihrer Stadt und Region ab.<\/p>\n<p><strong>Deutsch-Examenszentrum<\/strong><\/p>\n<p>Das ausschlie\u00dflich muttersprachliche Lehrpersonal bereitet die Kursteilnehmer auf die international anerkannten Pr\u00fcfungen und Diplome der Goethe-Institute sowie der Deutsch-Franz\u00f6sischen Handelskammer (DFIHK) vor. Die verschiedenen Pr\u00fcfungen k\u00f6nnen in den deutsch-franz\u00f6sischen H\u00e4usern absolviert werden.<\/p>\n<p><strong>Kulturveranstaltungen zu Deutschland<\/strong><\/p>\n<p>Inhaltliche Schwerpunkte setzen die Mitglieder der F\u00f6deration deutsch-franz\u00f6sischer H\u00e4user einerseits mit Blick auf aktuelle kulturelle Ereignisse in Deutschland (z.B. 2009: 60 Jahre Grundgesetz, 20 Jahre Mauerfall), andererseits orientieren sie sich an den Interessen ihres franz\u00f6sischen Publikums.<\/p>\n<p><strong>Point Info DFJW und DAAD<\/strong><\/p>\n<p>Die deutsch-franz\u00f6sischen H\u00e4user sind Anlaufstelle f\u00fcr Interessenten und Bewerber der verschiedenen Austausch- und Stipendien-Programme. Au\u00dferdem informieren die H\u00e4user \u00fcber Sprachstudien, berufliche Fortbildungsm\u00f6glichkeiten in Deutschland sowie \u00fcber weitere Austauschm\u00f6glichkeiten.<\/p>\n<p><strong>Bibliotheken und Dokumentationszentren<\/strong><\/p>\n<p>Die Mitglieder der F\u00f6deration deutsch-franz\u00f6sischer H\u00e4user bieten schnellen Zugang zu umfassenden und aktuellen Informationen \u00fcber Deutschland, sei es beispielsweise f\u00fcr Sch\u00fcler, Lehrer oder Touristen.<\/p>\n","protected":false},"excerpt":{"rendered":"<p><strong>Deutschkurse<\/strong><\/p>\n<p>F\u00fcr alle Altersgruppen und f\u00fcr jedes Sprachniveau bieten die deutsch-franz\u00f6sischen H\u00e4user ein breitgef\u00e4chertes Spektrum an Sprachprogrammen an: f\u00fcr absolute Anf\u00e4nger, der mit modernsten didaktischen Methoden und Medie&#8230;<\/p>\n","protected":false},"author":1,"featured_media":0,"parent":289,"menu_order":1,"comment_status":"closed","ping_status":"open","template":"","meta":{"_kad_post_transparent":"","_kad_post_title":"","_kad_post_layout":"","_kad_post_sidebar_id":"","_kad_post_content_style":"","_kad_post_vertical_padding":"","_kad_post_feature":"","_kad_post_feature_position":"","_kad_post_header":false,"_kad_post_footer":false,"footnotes":""},"class_list":["post-309","page","type-page","status-publish","hentry"],"_links":{"self":[{"href":"https:\/\/www.maisons-franco-allemandes.fr\/de_DE\/wp-json\/wp\/v2\/pages\/309"}],"collection":[{"href":"https:\/\/www.maisons-franco-allemandes.fr\/de_DE\/wp-json\/wp\/v2\/pages"}],"about":[{"href":"https:\/\/www.maisons-franco-allemandes.fr\/de_DE\/wp-json\/wp\/v2\/types\/page"}],"author":[{"embeddable":true,"href":"https:\/\/www.maisons-franco-allemandes.fr\/de_DE\/wp-json\/wp\/v2\/users\/1"}],"replies":[{"embeddable":true,"href":"https:\/\/www.maisons-franco-allemandes.fr\/de_DE\/wp-json\/wp\/v2\/comments?post=309"}],"version-history":[{"count":26,"href":"https:\/\/www.maisons-franco-allemandes.fr\/de_DE\/wp-json\/wp\/v2\/pages\/309\/revisions"}],"predecessor-version":[{"id":1868,"href":"https:\/\/www.maisons-franco-allemandes.fr\/de_DE\/wp-json\/wp\/v2\/pages\/309\/revisions\/1868"}],"up":[{"embeddable":true,"href":"https:\/\/www.maisons-franco-allemandes.fr\/de_DE\/wp-json\/wp\/v2\/pages\/289"}],"wp:attachment":[{"href":"https:\/\/www.maisons-franco-allemandes.fr\/de_DE\/wp-json\/wp\/v2\/media?parent=309"}],"curies":[{"name":"wp","href":"https:\/\/api.w.org\/{rel}","templated":true}]}}