{"id":289,"date":"2009-12-08T17:06:33","date_gmt":"2009-12-08T16:06:33","guid":{"rendered":"http:\/\/www.maisons-franco-allemandes.fr\/?page_id=289"},"modified":"2023-10-04T11:12:59","modified_gmt":"2023-10-04T10:12:59","slug":"savoir-faire-2","status":"publish","type":"page","link":"https:\/\/www.maisons-franco-allemandes.fr\/de_DE\/savoir-faire-2\/","title":{"rendered":"Know-how"},"content":{"rendered":"<p><strong>Konstantes klassisches deutsches Kulturangebot<\/strong><\/p>\n<p>Die deutsch-franz\u00f6sischen H\u00e4user\u00a0erf\u00fcllen an ihren Orten traditionelle Aufgaben ausw\u00e4rtiger Kulturarbeit\u00a0 <strong><a href=\"http:\/\/www.maisons-franco-allemandes.fr\/centres-culturels\/\" target=\"_self\" rel=\"noopener\">Mehr&#8230;<\/a><\/strong><\/p>\n<p><strong>Interkulturelle Beratung <\/strong><\/p>\n<p>Durch ihr jahrelanges Engagement sind die Mitglieder der F\u00f6deration deutsch-franz\u00f6sischer H\u00e4user stark in die jeweilige kulturelle, soziale, wirtschaftliche und politische Landschaft integriert und treten dementsprechend als innovative Berater\u00a0im deutsch-franz\u00f6sischen Alltag auf.\u00a0 <strong><a href=\"http:\/\/www.maisons-franco-allemandes.fr\/savoir-faire-2\/guides-interculturels\/\" target=\"_self\" rel=\"noopener\">Mehr&#8230;<\/a><\/strong><\/p>\n<p><strong>Innovative Aktionen nach Ma\u00df<br \/>\n<\/strong><\/p>\n<p>Die Mitglieder der F\u00f6deration deutsch-franz\u00f6sischer H\u00e4user bieten erprobtes und innovatives Know-how aus Kommunen, Regionen und L\u00e4ndern. <strong><a href=\"http:\/\/www.maisons-franco-allemandes.fr\/actions-novatrices\/\" target=\"_self\" rel=\"noopener\">Mehr&#8230;<\/a><\/strong><\/p>\n","protected":false},"excerpt":{"rendered":"<p><strong>Konstantes klassisches deutsches Kulturangebot<\/strong><\/p>\n<p>Die deutsch-franz\u00f6sischen H\u00e4user\u00a0erf\u00fcllen an ihren Orten traditionelle Aufgaben ausw\u00e4rtiger Kulturarbeit\u00a0 <strong><a href=\"http:\/\/www.maisons-franco-allemandes.fr\/centres-culturels\/\" ...\n<\/p>\n","protected":false},"author":1,"featured_media":0,"parent":0,"menu_order":3,"comment_status":"closed","ping_status":"closed","template":"","meta":{"_kad_post_transparent":"","_kad_post_title":"","_kad_post_layout":"","_kad_post_sidebar_id":"","_kad_post_content_style":"","_kad_post_vertical_padding":"","_kad_post_feature":"","_kad_post_feature_position":"","_kad_post_header":false,"_kad_post_footer":false,"footnotes":""},"class_list":["post-289","page","type-page","status-publish","hentry"],"_links":{"self":[{"href":"https:\/\/www.maisons-franco-allemandes.fr\/de_DE\/wp-json\/wp\/v2\/pages\/289"}],"collection":[{"href":"https:\/\/www.maisons-franco-allemandes.fr\/de_DE\/wp-json\/wp\/v2\/pages"}],"about":[{"href":"https:\/\/www.maisons-franco-allemandes.fr\/de_DE\/wp-json\/wp\/v2\/types\/page"}],"author":[{"embeddable":true,"href":"https:\/\/www.maisons-franco-allemandes.fr\/de_DE\/wp-json\/wp\/v2\/users\/1"}],"replies":[{"embeddable":true,"href":"https:\/\/www.maisons-franco-allemandes.fr\/de_DE\/wp-json\/wp\/v2\/comments?post=289"}],"version-history":[{"count":33,"href":"https:\/\/www.maisons-franco-allemandes.fr\/de_DE\/wp-json\/wp\/v2\/pages\/289\/revisions"}],"predecessor-version":[{"id":2088,"href":"https:\/\/www.maisons-franco-allemandes.fr\/de_DE\/wp-json\/wp\/v2\/pages\/289\/revisions\/2088"}],"wp:attachment":[{"href":"https:\/\/www.maisons-franco-allemandes.fr\/de_DE\/wp-json\/wp\/v2\/media?parent=289"}],"curies":[{"name":"wp","href":"https:\/\/api.w.org\/{rel}","templated":true}]}}