{"id":285,"date":"2009-12-08T16:41:03","date_gmt":"2009-12-08T15:41:03","guid":{"rendered":"http:\/\/www.maisons-franco-allemandes.fr\/?page_id=285"},"modified":"2023-10-05T05:49:20","modified_gmt":"2023-10-05T04:49:20","slug":"profil-2","status":"publish","type":"page","link":"https:\/\/www.maisons-franco-allemandes.fr\/de_DE\/profil-2\/","title":{"rendered":"Profil"},"content":{"rendered":"\n<p><strong>Initiative der deutsch-franz\u00f6sischen Zivilgesellschaft<\/strong><\/p>\n\n\n\n<p><strong>Die Maisons entstanden an Orten in Frankreich, wo klassische deutsche Kultureinrichtungen aus strategischen, inhaltlichen oder finanziellen Gr\u00fcnden eine L\u00fccke lie\u00dfen. <\/strong><\/p>\n\n\n\n<p>Jedes der in der F\u00f6deration zusammengeschlossenen deutsch-franz\u00f6sischen H\u00e4user verdankt dem gemeinsamen zivilgesellschaftlichen Engagement in Deutschland und Frankreich seine Entstehung und Entwicklung.<\/p>\n\n\n\n<p><strong>Deutsch-franz\u00f6sische Co-Finanzierung<\/strong><\/p>\n\n\n\n<p>Die H\u00e4user werden gemeinschaftlich von St\u00e4dten, Regionen und L\u00e4ndern oder Universit\u00e4ten in Frankreich und Deutschland getragen und unterst\u00fctzt. Ihre Projekte werden vom Ausw\u00e4rtigen Amt bzw. dem Goethe Institut, der Robert &nbsp;Bosch Stiftung sowie im Rahmen eines Public Private Partnership mit Unternehmen gef\u00f6rdert.<\/p>\n\n\n\n<p><strong>Innovative Projekte durch deutsch-franz\u00f6sischen Dialog<\/strong><\/p>\n\n\n\n<p>Alle Maisons sind aufgrund ihrer Entstehungsgeschichte von Anfang an mit \u201cihrer\u201d zivilgesellschaftlichen, kulturellen, sozialen, wirtschaftlichen, universit\u00e4ren und politischen Landschaft vernetzt. Deswegen haben sie sich einen \u201cweiten\u201d Kulturbegriff zu Eigen gemacht.<\/p>\n\n\n\n<p>Bei der Umsetzung dieses Konzepts beherzigen die H\u00e4user eine Arbeitsweise, die mit hoher Sensibilit\u00e4t auf die sich permanent \u00e4ndernden Anforderungen des deutsch-franz\u00f6sischen \u201cAlltags\u201d in Kommunen, Regionen und L\u00e4ndern reagiert. Im st\u00e4ndigen Dialog mit ihren Partnern diesseits und jenseits des Rheins entwickeln die H\u00e4user innovative ma\u00dfgeschneiderte Projekte und operative Module. Dies, nicht zuletzt auch mit dem Ziel, dass sie nach ihrer regionalen bzw. interregionalen \u201cErprobung\u201d Modellcharakter bekommen und auf nationaler, bi-nationaler und europ\u00e4ischer Ebene Bedeutung gewinnen.<\/p>\n","protected":false},"excerpt":{"rendered":"<p><!-- wp:paragraph --><\/p>\n<p><strong>Initiative der deutsch-franz\u00f6sischen Zivilgesellschaft<\/strong><\/p>\n<p><!-- \/wp:paragraph --><\/p>\n<p><!-- wp:paragraph --><\/p>\n<p><strong>Die Maisons entstanden an Orten in Frankreich, wo klassische deutsche Kultureinrichtungen au&#8230;<\/p>\n","protected":false},"author":1,"featured_media":0,"parent":0,"menu_order":2,"comment_status":"closed","ping_status":"closed","template":"","meta":{"_kad_post_transparent":"","_kad_post_title":"","_kad_post_layout":"","_kad_post_sidebar_id":"","_kad_post_content_style":"","_kad_post_vertical_padding":"","_kad_post_feature":"","_kad_post_feature_position":"","_kad_post_header":false,"_kad_post_footer":false,"footnotes":""},"class_list":["post-285","page","type-page","status-publish","hentry"],"_links":{"self":[{"href":"https:\/\/www.maisons-franco-allemandes.fr\/de_DE\/wp-json\/wp\/v2\/pages\/285"}],"collection":[{"href":"https:\/\/www.maisons-franco-allemandes.fr\/de_DE\/wp-json\/wp\/v2\/pages"}],"about":[{"href":"https:\/\/www.maisons-franco-allemandes.fr\/de_DE\/wp-json\/wp\/v2\/types\/page"}],"author":[{"embeddable":true,"href":"https:\/\/www.maisons-franco-allemandes.fr\/de_DE\/wp-json\/wp\/v2\/users\/1"}],"replies":[{"embeddable":true,"href":"https:\/\/www.maisons-franco-allemandes.fr\/de_DE\/wp-json\/wp\/v2\/comments?post=285"}],"version-history":[{"count":35,"href":"https:\/\/www.maisons-franco-allemandes.fr\/de_DE\/wp-json\/wp\/v2\/pages\/285\/revisions"}],"predecessor-version":[{"id":2003,"href":"https:\/\/www.maisons-franco-allemandes.fr\/de_DE\/wp-json\/wp\/v2\/pages\/285\/revisions\/2003"}],"wp:attachment":[{"href":"https:\/\/www.maisons-franco-allemandes.fr\/de_DE\/wp-json\/wp\/v2\/media?parent=285"}],"curies":[{"name":"wp","href":"https:\/\/api.w.org\/{rel}","templated":true}]}}