{"id":188,"date":"2009-12-02T16:55:13","date_gmt":"2009-12-02T15:55:13","guid":{"rendered":"http:\/\/www.maisons-franco-allemandes.fr\/?page_id=188"},"modified":"2023-10-04T15:01:33","modified_gmt":"2023-10-04T14:01:33","slug":"partenaires","status":"publish","type":"page","link":"https:\/\/www.maisons-franco-allemandes.fr\/de_DE\/partenaires\/","title":{"rendered":"Partner"},"content":{"rendered":"<ul>\n<li><a href=\"http:\/\/www.cirac.u-cergy.fr\/\" target=\"_blank\" rel=\"noopener\">Centre d\u2019information et de recherche sur l\u2019Allemagne contemporaine (CIRAC)<\/a>, Paris<\/li>\n<li><a href=\"http:\/\/www.daad.de\/de\/index.html\" target=\"_blank\" rel=\"noopener\">Deutscher Akademischer Austauschdienst (DAAD), <\/a>Paris, Bonn<\/li>\n<li><a href=\"http:\/\/www.dfi.de\/index.shtml\" target=\"_blank\" rel=\"noopener\">Deutsch-Franz\u00f6sisches Institut (DFI), <\/a>Ludwigsburg<\/li>\n<li><a href=\"http:\/\/www.dfjw.org\/\" target=\"_blank\" rel=\"noopener\">Deutsch-Franz\u00f6sisches Jugendwerk (DFJW)<\/a>, Paris, Berlin<\/li>\n<li><a href=\"http:\/\/www.allemagne-tourisme.com\/\" target=\"_blank\" rel=\"noopener\">Deutsche Zentrale f\u00fcr Tourismus (DZT)<\/a>, Paris<\/li>\n<li><a href=\"http:\/\/www.allemagne.diplo.de\/Vertretung\/frankreich\/fr\/Startseite.html\">Ambassade de la R\u00e9publique f\u00e9d\u00e9rale d&#8217;Allemagne<\/a>, Paris<\/li>\n<li><a href=\"http:\/\/www.allemagne.diplo.de\/Vertretung\/frankreich\/fr\/03-cidal\/00-cidal-hbseite.html\">CIDAL<\/a>, Paris<\/li>\n<li><a href=\"http:\/\/www.goethe.de\/\">Goethe-Institut<\/a><\/li>\n<li><a href=\"http:\/\/www.bosch-stiftung.de\/content\/language1\/html\/index.asp\">Robert Bosch Stiftung<\/a>, Stuttgart<\/li>\n<li><a href=\"http:\/\/www.arte.tv\/de\">ARTE<\/a>, Stra\u00dfburg<\/li>\n<li><a href=\"http:\/\/www.france-allemagne.fr\/Die-deutsch-franzosische-Industrie,1273.html\">Deutsch-franz\u00f6sische Industrie- und Handelskammer<\/a>, Paris<\/li>\n<li><a href=\"http:\/\/www.ac-nancy-metz.fr\/enseign\/allemand\/adeaf\/adeafNETV2\/index3.htm\">ADEAF<\/a>, France<\/li>\n<li><a href=\"http:\/\/www.dff-ffa.org\">Deutsch-franz\u00f6sisches Forum<\/a>, Stra\u00dfburg<\/li>\n<li><a href=\"http:\/\/www.daimler.com\/\">Mercedes Benz<\/a>, Stuttgart<\/li>\n<li><a href=\"http:\/\/www.koerber-stiftung.de\/stiftung.html\">K\u00f6rber-Stiftung<\/a>, Hamburg<\/li>\n<\/ul>\n","protected":false},"excerpt":{"rendered":"<ul>\n<li><a href=\"http:\/\/www.cirac.u-cergy.fr\/\" target=\"_blank\" rel=\"noopener\">Centre d\u2019information et de recherche sur l\u2019Allemagne contemporaine (CIRAC)<\/a>, Paris<\/li>\n<li><a href=\"http:\/\/www.daad.de\/de\/index.html\" target=\"_blank\" rel=\"noopen... \n<br \/>\n","protected":false},"author":1,"featured_media":0,"parent":0,"menu_order":5,"comment_status":"closed","ping_status":"closed","template":"","meta":{"_kad_post_transparent":"","_kad_post_title":"","_kad_post_layout":"","_kad_post_sidebar_id":"","_kad_post_content_style":"","_kad_post_vertical_padding":"","_kad_post_feature":"","_kad_post_feature_position":"","_kad_post_header":false,"_kad_post_footer":false,"footnotes":""},"class_list":["post-188","page","type-page","status-publish","hentry"],"_links":{"self":[{"href":"https:\/\/www.maisons-franco-allemandes.fr\/de_DE\/wp-json\/wp\/v2\/pages\/188"}],"collection":[{"href":"https:\/\/www.maisons-franco-allemandes.fr\/de_DE\/wp-json\/wp\/v2\/pages"}],"about":[{"href":"https:\/\/www.maisons-franco-allemandes.fr\/de_DE\/wp-json\/wp\/v2\/types\/page"}],"author":[{"embeddable":true,"href":"https:\/\/www.maisons-franco-allemandes.fr\/de_DE\/wp-json\/wp\/v2\/users\/1"}],"replies":[{"embeddable":true,"href":"https:\/\/www.maisons-franco-allemandes.fr\/de_DE\/wp-json\/wp\/v2\/comments?post=188"}],"version-history":[{"count":39,"href":"https:\/\/www.maisons-franco-allemandes.fr\/de_DE\/wp-json\/wp\/v2\/pages\/188\/revisions"}],"predecessor-version":[{"id":1913,"href":"https:\/\/www.maisons-franco-allemandes.fr\/de_DE\/wp-json\/wp\/v2\/pages\/188\/revisions\/1913"}],"wp:attachment":[{"href":"https:\/\/www.maisons-franco-allemandes.fr\/de_DE\/wp-json\/wp\/v2\/media?parent=188"}],"curies":[{"name":"wp","href":"https:\/\/api.w.org\/{rel}","templated":true}]}}